{"id":76,"date":"2015-05-13T15:34:02","date_gmt":"2015-05-13T13:34:02","guid":{"rendered":"http:\/\/www.beck-ag.ch\/?page_id=76"},"modified":"2017-09-06T11:02:22","modified_gmt":"2017-09-06T09:02:22","slug":"dienstleistungen","status":"publish","type":"page","link":"https:\/\/www.beck-ag.ch\/?page_id=76","title":{"rendered":"Dienstleistungen"},"content":{"rendered":"<div id=\"pl-76\"  class=\"panel-layout\" ><div id=\"pg-76-0\"  class=\"panel-grid panel-no-style\" ><div id=\"pgc-76-0-0\"  class=\"panel-grid-cell\" ><div id=\"panel-76-0-0-0\" class=\"so-panel widget widget_black-studio-tinymce widget_black_studio_tinymce panel-first-child panel-last-child\" data-index=\"0\" ><div class=\"textwidget\"><h3>Flachdach<\/h3>\n<ul>\n<li>Beratung und Projektierung<\/li>\n<li>Neubauten und Sanierungen<\/li>\n<li>Kostenlose Dienstleistung \/ Support \u201cGeb\u00e4udeprogramm\u201c<\/li>\n<li>Flachdachabdichtungen (Bitumin\u00f6s und Kunststoff)<\/li>\n<li>Isolierungen \/ spez. D\u00e4mmungen FOAMGLAS<\/li>\n<li>Fl\u00fcssigkunststoffabdichtungen<\/li>\n<li>Dachbegr\u00fcnungen<\/li>\n<li>Terrassenbel\u00e4ge \/ Nutzschichten<\/li>\n<li>Unterhalt &amp; Wartung \/ Serviceabonnement<\/li>\n<\/ul>\n<\/div><\/div><\/div><div id=\"pgc-76-0-1\"  class=\"panel-grid-cell\" ><div id=\"panel-76-0-1-0\" class=\"so-panel widget widget_black-studio-tinymce widget_black_studio_tinymce panel-first-child panel-last-child\" data-index=\"1\" ><div class=\"textwidget\"><p><img loading=\"lazy\" decoding=\"async\" class=\"aligncenter wp-image-609\" src=\"http:\/\/www.beck-ag.ch\/wp-content\/uploads\/services_flachdach.jpg\" alt=\"\" width=\"700\" height=\"525\" srcset=\"https:\/\/www.beck-ag.ch\/wp-content\/uploads\/services_flachdach.jpg 1000w, https:\/\/www.beck-ag.ch\/wp-content\/uploads\/services_flachdach-300x225.jpg 300w, https:\/\/www.beck-ag.ch\/wp-content\/uploads\/services_flachdach-768x576.jpg 768w\" sizes=\"auto, (max-width: 700px) 100vw, 700px\" \/><\/p><\/div><\/div><\/div><\/div><div id=\"pg-76-1\"  class=\"panel-grid panel-no-style\" ><div id=\"pgc-76-1-0\"  class=\"panel-grid-cell\" ><div id=\"panel-76-1-0-0\" class=\"so-panel widget widget_black-studio-tinymce widget_black_studio_tinymce panel-first-child panel-last-child\" data-index=\"2\" ><div class=\"textwidget\"><h3>Neubauten und Sanierungen<\/h3>\n<p>Gerne stehen wir Ihnen in den Bereichen Flachdach, Isolierungen und Spenglerei f\u00fcr alle Fragen rund um Sanierungen und Neubauten zur Seite. Von der Planung, Offertstellung, Devisierung und bis zur Realisierung Ihres Projektes unterst\u00fctzen wir Sie gerne mit unserer kompetenten Mannschaft.<\/p>\n<\/div><\/div><\/div><div id=\"pgc-76-1-1\"  class=\"panel-grid-cell\" ><div id=\"panel-76-1-1-0\" class=\"so-panel widget widget_black-studio-tinymce widget_black_studio_tinymce panel-first-child panel-last-child\" data-index=\"3\" ><div class=\"textwidget\"><p><img loading=\"lazy\" decoding=\"async\" class=\"aligncenter wp-image-608\" src=\"http:\/\/www.beck-ag.ch\/wp-content\/uploads\/services_sanierung.jpg\" alt=\"\" width=\"700\" height=\"525\" srcset=\"https:\/\/www.beck-ag.ch\/wp-content\/uploads\/services_sanierung.jpg 1024w, https:\/\/www.beck-ag.ch\/wp-content\/uploads\/services_sanierung-300x225.jpg 300w, https:\/\/www.beck-ag.ch\/wp-content\/uploads\/services_sanierung-768x576.jpg 768w\" sizes=\"auto, (max-width: 700px) 100vw, 700px\" \/><\/p>\n<\/div><\/div><\/div><\/div><div id=\"pg-76-2\"  class=\"panel-grid panel-no-style\" ><div id=\"pgc-76-2-0\"  class=\"panel-grid-cell\" ><div id=\"panel-76-2-0-0\" class=\"so-panel widget widget_black-studio-tinymce widget_black_studio_tinymce panel-first-child panel-last-child\" data-index=\"4\" ><div class=\"textwidget\"><h3>Dachbegr\u00fcnung<\/h3>\n<p>Vorteile von begr\u00fcnten D\u00e4chern:<\/p>\n<ul>\n<li>\u00d6kologisch wertvoller Erholungsraum<\/li>\n<li>L\u00e4ngere Lebensdauer der Abdichtung<\/li>\n<li>Binden \/ filtern von Feinstaub und Luftschadstoffen<\/li>\n<li>Optimierung\u00a0des W\u00e4rme- und K\u00e4lteschutzes<\/li>\n<li>Regenwasserr\u00fcckhalt (je nach Gr\u00fcndach\u00a030-60% des Jahresniederschlages)<\/li>\n<li>Verbesserung der Tritt- und Luftschalld\u00e4mmung<\/li>\n<li>Ersetzt verbaute Gr\u00fcnfl\u00e4chen<\/li>\n<li>Gestaltungselement f\u00fcr St\u00e4dte- und Landschaftsplaner<\/li>\n<li>Reduktion der Abwassergeb\u00fchren (bei vielen Gemeinden bereits umgesetzt)<\/li>\n<li>Ersatz-Lebensraum f\u00fcr teils vom Aussterben bedrohte Pflanzen und Tiere<\/li>\n<\/ul>\n<\/div><\/div><\/div><div id=\"pgc-76-2-1\"  class=\"panel-grid-cell\" ><div id=\"panel-76-2-1-0\" class=\"so-panel widget widget_black-studio-tinymce widget_black_studio_tinymce panel-first-child panel-last-child\" data-index=\"5\" ><div class=\"textwidget\"><p><img loading=\"lazy\" decoding=\"async\" class=\"aligncenter wp-image-610\" src=\"http:\/\/www.beck-ag.ch\/wp-content\/uploads\/services_dachbegruenung.jpg\" alt=\"\" width=\"700\" height=\"525\" srcset=\"https:\/\/www.beck-ag.ch\/wp-content\/uploads\/services_dachbegruenung.jpg 1000w, https:\/\/www.beck-ag.ch\/wp-content\/uploads\/services_dachbegruenung-300x225.jpg 300w, https:\/\/www.beck-ag.ch\/wp-content\/uploads\/services_dachbegruenung-768x576.jpg 768w\" sizes=\"auto, (max-width: 700px) 100vw, 700px\" \/><\/p>\n<\/div><\/div><\/div><\/div><div id=\"pg-76-3\"  class=\"panel-grid panel-no-style\" ><div id=\"pgc-76-3-0\"  class=\"panel-grid-cell\" ><div id=\"panel-76-3-0-0\" class=\"so-panel widget widget_black-studio-tinymce widget_black_studio_tinymce panel-first-child panel-last-child\" data-index=\"6\" ><div class=\"textwidget\"><h3>Spenglerarbeiten<\/h3>\n<ul style=\"list-style-type: disc;\">\n<li>Klassische Blechbearbeitung<\/li>\n<li>Geb\u00e4udeentw\u00e4sserung (Rinnen und Ablaufrohre)<\/li>\n<li>Geb\u00e4udeschutz (Abdeckungen, Anschl\u00fcsse usw.)<\/li>\n<li>Einfassungen f\u00fcr Dachdurchdringungen (Rohre, Kamine, L\u00fcftungen)<\/li>\n<li>Dachrandkonstruktionen (Stahlzargen und Holz)<\/li>\n<li>Blechbekleidungen<\/li>\n<li>Kleinere Blechd\u00e4cher (Metalld\u00e4cher und Doppelfalzblechd\u00e4cher)<\/li>\n<li>Blechprofile \/ Wetterschutz- und L\u00fcftungsgitter \/ Riffelbleche \/ Fensterb\u00e4nke<\/li>\n<li>Terrassen-Entw\u00e4sserungsrinnen<\/li>\n<li>Blitzschutzarbeiten<\/li>\n<\/ul>\n<\/div><\/div><\/div><div id=\"pgc-76-3-1\"  class=\"panel-grid-cell\" ><div id=\"panel-76-3-1-0\" class=\"so-panel widget widget_black-studio-tinymce widget_black_studio_tinymce panel-first-child panel-last-child\" data-index=\"7\" ><div class=\"textwidget\"><p><img loading=\"lazy\" decoding=\"async\" class=\"aligncenter wp-image-605\" src=\"http:\/\/www.beck-ag.ch\/wp-content\/uploads\/services_spenglerei.jpg\" alt=\"\" width=\"700\" height=\"525\" srcset=\"https:\/\/www.beck-ag.ch\/wp-content\/uploads\/services_spenglerei.jpg 1000w, https:\/\/www.beck-ag.ch\/wp-content\/uploads\/services_spenglerei-300x225.jpg 300w, https:\/\/www.beck-ag.ch\/wp-content\/uploads\/services_spenglerei-768x576.jpg 768w\" sizes=\"auto, (max-width: 700px) 100vw, 700px\" \/><\/p>\n<\/div><\/div><\/div><\/div><div id=\"pg-76-4\"  class=\"panel-grid panel-no-style\" ><div id=\"pgc-76-4-0\"  class=\"panel-grid-cell\" ><div id=\"panel-76-4-0-0\" class=\"so-panel widget widget_black-studio-tinymce widget_black_studio_tinymce panel-first-child panel-last-child\" data-index=\"8\" ><div class=\"textwidget\"><h3>Terassenbel\u00e4ge<\/h3>\n<ul>\n<li>Verbund- und Pflastersteine<\/li>\n<li>Verschiedenste Gehwegplatten auf Betonbasis<\/li>\n<li>Outdoor Keramik Platten<\/li>\n<li>Bodenplatten in Naturstein (Granit\/Gneis\/Schiefer)<\/li>\n<li>Holzdecks<\/li>\n<li>Leichtkonstruktionen (Steckplatten Kunststoff\/Rasenteppich)<\/li>\n<\/ul>\n<\/div><\/div><\/div><div id=\"pgc-76-4-1\"  class=\"panel-grid-cell\" ><div id=\"panel-76-4-1-0\" class=\"so-panel widget widget_black-studio-tinymce widget_black_studio_tinymce panel-first-child panel-last-child\" data-index=\"9\" ><div class=\"textwidget\"><p><img loading=\"lazy\" decoding=\"async\" class=\"aligncenter wp-image-607\" src=\"http:\/\/www.beck-ag.ch\/wp-content\/uploads\/services_terrasse.jpg\" alt=\"\" width=\"700\" height=\"525\" srcset=\"https:\/\/www.beck-ag.ch\/wp-content\/uploads\/services_terrasse.jpg 1000w, https:\/\/www.beck-ag.ch\/wp-content\/uploads\/services_terrasse-300x225.jpg 300w, https:\/\/www.beck-ag.ch\/wp-content\/uploads\/services_terrasse-768x576.jpg 768w\" sizes=\"auto, (max-width: 700px) 100vw, 700px\" \/><\/p>\n<\/div><\/div><\/div><\/div><div id=\"pg-76-5\"  class=\"panel-grid panel-no-style\" ><div id=\"pgc-76-5-0\"  class=\"panel-grid-cell\" ><div id=\"panel-76-5-0-0\" class=\"so-panel widget widget_black-studio-tinymce widget_black_studio_tinymce panel-first-child panel-last-child\" data-index=\"10\" ><div class=\"textwidget\"><h3>Lichtkuppeln<\/h3>\n<ul>\n<li>Lichtkuppeln Acrylglas und Polycarbonat<\/li>\n<li>Aufsatzkr\u00e4nze Polyester<\/li>\n<li>L\u00fcftungs- und Beschattungssysteme<\/li>\n<li>Durchsturzgitter<\/li>\n<li>RWA und Dienstleistungen<\/li>\n<li>Oblichter Glas (Alpenskyglass plus)<\/li>\n<li>Pultlichtb\u00e4nder und Sattellichtb\u00e4nder<\/li>\n<\/ul>\n<\/div><\/div><\/div><div id=\"pgc-76-5-1\"  class=\"panel-grid-cell\" ><div id=\"panel-76-5-1-0\" class=\"so-panel widget widget_black-studio-tinymce widget_black_studio_tinymce panel-first-child panel-last-child\" data-index=\"11\" ><div class=\"textwidget\"><p><img loading=\"lazy\" decoding=\"async\" class=\"aligncenter wp-image-606\" src=\"http:\/\/www.beck-ag.ch\/wp-content\/uploads\/services_lichtkuppeln.jpg\" alt=\"\" width=\"700\" height=\"525\" srcset=\"https:\/\/www.beck-ag.ch\/wp-content\/uploads\/services_lichtkuppeln.jpg 1000w, https:\/\/www.beck-ag.ch\/wp-content\/uploads\/services_lichtkuppeln-300x225.jpg 300w, https:\/\/www.beck-ag.ch\/wp-content\/uploads\/services_lichtkuppeln-768x576.jpg 768w\" sizes=\"auto, (max-width: 700px) 100vw, 700px\" \/><\/p>\n<\/div><\/div><\/div><\/div><\/div>","protected":false},"excerpt":{"rendered":"<p>FlachdachBeratung und ProjektierungNeubauten und SanierungenKostenlose Dienstleistung \/ Support \u201cGeb\u00e4udeprogramm\u201cFlachdachabdichtungen (Bitumin\u00f6s und Kunststoff)Isolierungen \/ spez. D\u00e4mmungen FOAMGLASFl\u00fcssigkunststoffabdichtungenDachbegr\u00fcnungenTerrassenbel\u00e4ge \/ NutzschichtenUnterhalt &amp; Wartung \/ Serviceabonnement Neubauten und SanierungenGerne stehen wir Ihnen in den Bereichen Flachdach, Isolierungen und Spenglerei f\u00fcr alle Fragen rund um<\/p>\n","protected":false},"author":1,"featured_media":100,"parent":0,"menu_order":0,"comment_status":"closed","ping_status":"open","template":"","meta":{"_exactmetrics_skip_tracking":false,"_exactmetrics_sitenote_active":false,"_exactmetrics_sitenote_note":"","_exactmetrics_sitenote_category":0,"footnotes":""},"class_list":["post-76","page","type-page","status-publish","has-post-thumbnail","hentry"],"_links":{"self":[{"href":"https:\/\/www.beck-ag.ch\/index.php?rest_route=\/wp\/v2\/pages\/76","targetHints":{"allow":["GET"]}}],"collection":[{"href":"https:\/\/www.beck-ag.ch\/index.php?rest_route=\/wp\/v2\/pages"}],"about":[{"href":"https:\/\/www.beck-ag.ch\/index.php?rest_route=\/wp\/v2\/types\/page"}],"author":[{"embeddable":true,"href":"https:\/\/www.beck-ag.ch\/index.php?rest_route=\/wp\/v2\/users\/1"}],"replies":[{"embeddable":true,"href":"https:\/\/www.beck-ag.ch\/index.php?rest_route=%2Fwp%2Fv2%2Fcomments&post=76"}],"version-history":[{"count":6,"href":"https:\/\/www.beck-ag.ch\/index.php?rest_route=\/wp\/v2\/pages\/76\/revisions"}],"predecessor-version":[{"id":614,"href":"https:\/\/www.beck-ag.ch\/index.php?rest_route=\/wp\/v2\/pages\/76\/revisions\/614"}],"wp:featuredmedia":[{"embeddable":true,"href":"https:\/\/www.beck-ag.ch\/index.php?rest_route=\/wp\/v2\/media\/100"}],"wp:attachment":[{"href":"https:\/\/www.beck-ag.ch\/index.php?rest_route=%2Fwp%2Fv2%2Fmedia&parent=76"}],"curies":[{"name":"wp","href":"https:\/\/api.w.org\/{rel}","templated":true}]}}