{"id":23,"date":"2015-05-11T22:25:23","date_gmt":"2015-05-11T20:25:23","guid":{"rendered":"http:\/\/www.beck-ag.ch\/?page_id=23"},"modified":"2019-01-12T22:17:12","modified_gmt":"2019-01-12T21:17:12","slug":"welcome","status":"publish","type":"page","link":"https:\/\/www.beck-ag.ch\/","title":{"rendered":"Welcome"},"content":{"rendered":"<div id=\"pl-23\"  class=\"panel-layout\" ><div id=\"pg-23-0\"  class=\"panel-grid panel-no-style\" ><div id=\"pgc-23-0-0\"  class=\"panel-grid-cell\" ><div id=\"panel-23-0-0-0\" class=\"so-panel widget widget_black-studio-tinymce widget_black_studio_tinymce panel-first-child panel-last-child\" data-index=\"0\" ><div class=\"textwidget\"><h1>Willkommen auf der Seite der Firma Beck AG<\/h1>\n<p>Seit 1979 Ihr professioneller Partner f\u00fcr Flachdach-, Isolierungs- und Spenglerarbeiten. Sie k\u00f6nnen auf unsere langj\u00e4hrige Erfahrung auf dem Flachdach z\u00e4hlen, bei Neubauten sowie auch in der Sanierung von \u00e4lteren Geb\u00e4uden. Von der Planung bis zur Umsetzung setzten wir konstant auf h\u00f6chste Qualit\u00e4t. Unsere Erfahrung und das fundierte Know-How helfen Ihnen bei der Verwirklichung Ihres Traumprojekts.<\/p>\n<\/div><\/div><\/div><\/div><div id=\"pg-23-1\"  class=\"panel-grid panel-no-style\" ><div id=\"pgc-23-1-0\"  class=\"panel-grid-cell\" ><div id=\"panel-23-1-0-0\" class=\"so-panel widget widget_black-studio-tinymce widget_black_studio_tinymce panel-first-child panel-last-child\" data-index=\"1\" ><div class=\"textwidget\"><h2 style=\"text-align: center;\">Unsere Kompetenzen<\/h2>\n<p><a href=\"http:\/\/www.beck-ag.ch\/?page_id=76\"><img loading=\"lazy\" decoding=\"async\" class=\"aligncenter wp-image-100\" src=\"http:\/\/www.beck-ag.ch\/wp-content\/uploads\/2015\/05\/services_front-300x300.png\" alt=\"Dienstleistungen\" width=\"150\" height=\"150\" srcset=\"https:\/\/www.beck-ag.ch\/wp-content\/uploads\/2015\/05\/services_front-300x300.png 300w, https:\/\/www.beck-ag.ch\/wp-content\/uploads\/2015\/05\/services_front-150x150.png 150w, https:\/\/www.beck-ag.ch\/wp-content\/uploads\/2015\/05\/services_front-270x270.png 270w, https:\/\/www.beck-ag.ch\/wp-content\/uploads\/2015\/05\/services_front-230x230.png 230w, https:\/\/www.beck-ag.ch\/wp-content\/uploads\/2015\/05\/services_front.png 330w\" sizes=\"auto, (max-width: 150px) 100vw, 150px\" \/><\/a><\/p>\n<p style=\"text-align: center;\">Ob Grossfl\u00e4chen von mehreren tausend Quadratmetern oder kleinste Dachreparaturen, wir bieten immer die beste L\u00f6sung. Unser Kerngebiet ist\u00a0das Flachdach mit all seinen Facetten, welchem wir seit Jahren treu geblieben sind.<\/p>\n<p style=\"text-align: center;\"><a href=\"http:\/\/www.beck-ag.ch\/?page_id=76\">Zu den Dienstleistungen<\/a><\/p>\n<\/div><\/div><\/div><div id=\"pgc-23-1-1\"  class=\"panel-grid-cell\" ><div id=\"panel-23-1-1-0\" class=\"so-panel widget widget_black-studio-tinymce widget_black_studio_tinymce panel-first-child panel-last-child\" data-index=\"2\" ><div class=\"textwidget\"><h2 style=\"text-align: center;\">Referenzen<\/h2>\n<p><a href=\"http:\/\/www.beck-ag.ch\/?page_id=25\"><img loading=\"lazy\" decoding=\"async\" class=\"aligncenter wp-image-101\" src=\"http:\/\/www.beck-ag.ch\/wp-content\/uploads\/2015\/05\/portfolio1_front-300x300.png\" alt=\"Portfolio\" width=\"150\" height=\"150\" srcset=\"https:\/\/www.beck-ag.ch\/wp-content\/uploads\/2015\/05\/portfolio1_front-300x300.png 300w, https:\/\/www.beck-ag.ch\/wp-content\/uploads\/2015\/05\/portfolio1_front-150x150.png 150w, https:\/\/www.beck-ag.ch\/wp-content\/uploads\/2015\/05\/portfolio1_front-270x270.png 270w, https:\/\/www.beck-ag.ch\/wp-content\/uploads\/2015\/05\/portfolio1_front-230x230.png 230w, https:\/\/www.beck-ag.ch\/wp-content\/uploads\/2015\/05\/portfolio1_front.png 330w\" sizes=\"auto, (max-width: 150px) 100vw, 150px\" \/><\/a><\/p>\n<p style=\"text-align: center;\">Unsere Arbeit in Bildern. Nebst Abdichtungsarbeiten geh\u00f6ren\u00a0die\u00a0Spenglerei\u00a0und \u00a0verschiedenste Nutz- und Schutzschichten wie extensive Begr\u00fcnungen, Holzdecks\u00a0und\u00a0Terrassenbel\u00e4ge zu unserem Spezialgebiet.<\/p>\n<p style=\"text-align: center;\"><a href=\"http:\/\/www.beck-ag.ch\/?page_id=25\">Zur Galerie<\/a><\/p>\n<\/div><\/div><\/div><div id=\"pgc-23-1-2\"  class=\"panel-grid-cell\" ><div id=\"panel-23-1-2-0\" class=\"so-panel widget widget_black-studio-tinymce widget_black_studio_tinymce panel-first-child panel-last-child\" data-index=\"3\" ><div class=\"textwidget\"><h2 style=\"text-align: center;\">Ihr Vertrauenspartner<\/h2>\n<p style=\"text-align: center;\"><a href=\"http:\/\/www.beck-ag.ch\/?page_id=39\"><img loading=\"lazy\" decoding=\"async\" class=\"aligncenter wp-image-444\" src=\"http:\/\/www.beck-ag.ch\/wp-content\/uploads\/2015\/05\/contact1.png\" alt=\"\" width=\"150\" height=\"150\" srcset=\"https:\/\/www.beck-ag.ch\/wp-content\/uploads\/2015\/05\/contact1.png 600w, https:\/\/www.beck-ag.ch\/wp-content\/uploads\/2015\/05\/contact1-150x150.png 150w, https:\/\/www.beck-ag.ch\/wp-content\/uploads\/2015\/05\/contact1-300x300.png 300w, https:\/\/www.beck-ag.ch\/wp-content\/uploads\/2015\/05\/contact1-270x270.png 270w, https:\/\/www.beck-ag.ch\/wp-content\/uploads\/2015\/05\/contact1-230x230.png 230w\" sizes=\"auto, (max-width: 150px) 100vw, 150px\" \/><\/a><\/p>\n<p style=\"text-align: center;\">Flachdacharbeiten sind Vertrauenssache.<\/p>\n<p style=\"text-align: center;\">Unz\u00e4hlige Partner sind von der\u00a0zuverl\u00e4ssigen Arbeit der Firma Beck AG \u00fcberzeugt.\u00a0Wir beraten Sie sehr gerne und passen uns\u00a0Ihren individuellen W\u00fcnschen an.<\/p>\n<p style=\"text-align: center;\"><a href=\"http:\/\/www.beck-ag.ch\/?page_id=39\">Zu den Kontaktdaten<\/a><\/p>\n<\/div><\/div><\/div><\/div><\/div>","protected":false},"excerpt":{"rendered":"<p>Willkommen auf der Seite der Firma Beck AGSeit 1979 Ihr professioneller Partner f\u00fcr Flachdach-, Isolierungs- und Spenglerarbeiten. Sie k\u00f6nnen auf unsere langj\u00e4hrige Erfahrung auf dem Flachdach z\u00e4hlen, bei Neubauten sowie auch in der Sanierung von \u00e4lteren Geb\u00e4uden. Von der Planung<\/p>\n","protected":false},"author":1,"featured_media":0,"parent":0,"menu_order":0,"comment_status":"closed","ping_status":"closed","template":"","meta":{"_exactmetrics_skip_tracking":false,"_exactmetrics_sitenote_active":false,"_exactmetrics_sitenote_note":"","_exactmetrics_sitenote_category":0,"footnotes":""},"class_list":["post-23","page","type-page","status-publish","hentry"],"_links":{"self":[{"href":"https:\/\/www.beck-ag.ch\/index.php?rest_route=\/wp\/v2\/pages\/23","targetHints":{"allow":["GET"]}}],"collection":[{"href":"https:\/\/www.beck-ag.ch\/index.php?rest_route=\/wp\/v2\/pages"}],"about":[{"href":"https:\/\/www.beck-ag.ch\/index.php?rest_route=\/wp\/v2\/types\/page"}],"author":[{"embeddable":true,"href":"https:\/\/www.beck-ag.ch\/index.php?rest_route=\/wp\/v2\/users\/1"}],"replies":[{"embeddable":true,"href":"https:\/\/www.beck-ag.ch\/index.php?rest_route=%2Fwp%2Fv2%2Fcomments&post=23"}],"version-history":[{"count":19,"href":"https:\/\/www.beck-ag.ch\/index.php?rest_route=\/wp\/v2\/pages\/23\/revisions"}],"predecessor-version":[{"id":712,"href":"https:\/\/www.beck-ag.ch\/index.php?rest_route=\/wp\/v2\/pages\/23\/revisions\/712"}],"wp:attachment":[{"href":"https:\/\/www.beck-ag.ch\/index.php?rest_route=%2Fwp%2Fv2%2Fmedia&parent=23"}],"curies":[{"name":"wp","href":"https:\/\/api.w.org\/{rel}","templated":true}]}}